{"id":1693,"date":"2017-04-06T13:58:28","date_gmt":"2017-04-06T11:58:28","guid":{"rendered":"http:\/\/foreignmove.nl\/?page_id=1693"},"modified":"2017-04-07T10:19:38","modified_gmt":"2017-04-07T08:19:38","slug":"system-fazowy","status":"publish","type":"page","link":"https:\/\/foreignflex.com\/pl\/system-fazowy\/","title":{"rendered":"System fazowy"},"content":{"rendered":"<div id=\"pl-1693\"  class=\"panel-layout\" ><div id=\"pg-1693-0\"  class=\"panel-grid panel-no-style\" ><div id=\"pgc-1693-0-0\"  class=\"panel-grid-cell\" ><div id=\"panel-1693-0-0-0\" class=\"so-panel widget widget_sow-editor panel-first-child\" data-index=\"0\" ><div class=\"panel-widget-style panel-widget-style-for-1693-0-0-0\" ><div\n\t\t\t\n\t\t\tclass=\"so-widget-sow-editor so-widget-sow-editor-base\"\n\t\t\t\n\t\t>\n<div class=\"siteorigin-widget-tinymce textwidget\">\n\t<table style=\"height: 62px\" width=\"746\">\n<tbody>\n<tr>\n<td style=\"width: 241.333px\"><strong>Faza A<\/strong><\/td>\n<td style=\"width: 241.333px\"><strong>Faza B<\/strong><\/td>\n<td style=\"width: 241.333px\"><strong>Faza C<\/strong><\/td>\n<\/tr>\n<tr>\n<td style=\"width: 241.333px\">78 przepracowanych tygodni<\/td>\n<td style=\"width: 241.333px\">2 lata lub 8 kontrakt\u00f3w<\/td>\n<td style=\"width: 241.333px\">Praca na czas nieokre\u015blony<\/td>\n<\/tr>\n<\/tbody>\n<\/table>\n<\/div>\n<\/div><\/div><\/div><div id=\"panel-1693-0-0-1\" class=\"so-panel widget widget_sow-editor panel-last-child\" data-index=\"1\" ><div\n\t\t\t\n\t\t\tclass=\"so-widget-sow-editor so-widget-sow-editor-base\"\n\t\t\t\n\t\t>\n<div class=\"siteorigin-widget-tinymce textwidget\">\n\t<p><strong>1.1 Faza A<\/strong><br \/>\nFaza A trwa tak d\u0142ugo, a\u017c pracownik wypracuje 78 tygodni dla agencji pracy tymczasowej, przez kt\u00f3r\u0105 jest zatrudniony. Od regu\u0142y tej istnieje wyj\u0105tek. Mianowicie, je\u017celi osi\u0105gn\u0105\u0142e\u015b prawnie obowi\u0105zuj\u0105cy wiek emerytalny, b\u0119dziesz znajdowa\u0142 si\u0119 w fazie A dop\u00f3ki nie wypracujesz 130 tygodni dla agencji pracy tymczasowej. Ka\u017cdy przepracowany tydzie\u0144 zalicza si\u0119 na poczet fazy A i automatycznie przybli\u017ca Ci\u0119 do kolejnej fazy, mianowicie fazy B. Jednocze\u015bnie ilo\u015b\u0107 godzin, kt\u00f3re przepracowa\u0142e\u015b w ci\u0105gu tygodnia, nie jest istotna. W tej fazie masz prawo do przyj\u0119cia nieograniczonej liczby kontrakt\u00f3w, jeden po drugim. Nie ma przy tym znaczenia dla ilu r\u00f3\u017cnych zleceniodawc\u00f3w pracujesz.<\/p>\n<p>Je\u017celi przez okres co najmniej 26 tygodni pod rz\u0105d wykonujesz prac\u0119 dla r\u00f3\u017cnych agencji pracy tymczasowej, to naliczanie wspomnianych 78 przepracowanych tygodni rozpoczyna si\u0119 od nowa. W razie przerwy mi\u0119dzy dwiema umowami z agencj\u0105 pracy tymczasowej trwaj\u0105cej 25 tygodni lub kr\u00f3cej, przepracowane tygodnie kt\u00f3re ju\u017c masz na swoim koncie wci\u0105\u017c s\u0105 wa\u017cne, a po przerwie agencja pracy kontynuuje naliczanie Ci kolejnych tygodni, poczynaj\u0105c od tego, w kt\u00f3rym zrobi\u0142e\u015b sobie przerw\u0119. <\/p>\n<p><strong>1.2 Faza B<\/strong><br \/>\nIstniej\u0105 dwa r\u00f3\u017cne sposoby rozpocz\u0119cia fazy B. Pierwszy: faza B rozpoczyna si\u0119 wtedy, gdy po uko\u0144czeniu fazy A kontynuujesz wykonywanie pracy w tej samej agencji pracy tymczasowej. Nie przerywasz wi\u0119c pracy w okresie przej\u015bcia z jednej fazy do drugiej. Drugi spos\u00f3b: po uko\u0144czeniu fazy A decydujesz si\u0119 na przerw\u0119 w pracy i w ci\u0105gu 26 tygodni po uko\u0144czeniu fazy A zostajesz ponownie wys\u0142any do pracy przez agencj\u0119. <\/p>\n<p>Faza B trwa maksymalnie dwa lata lub osiem kontrakt\u00f3w. Oznacza to, i\u017c w tej fazie mo\u017cesz zawrze\u0107 maksymalnie 8 um\u00f3w o oddelegowanie (nid. detacheringsovereenkomst) jedna za drug\u0105. Przy dziewi\u0105tym kontrakcie lub gdy pracujesz w fazie B d\u0142u\u017cej ni\u017c dwa lata, przechodzisz automatycznie do fazy C. W fazie B nie ma ju\u017c mo\u017cliwo\u015bci zawarcia w umowie o oddelegowanie warunku okre\u015blaj\u0105cego, i\u017c umowa zostanie zerwana w momencie, gdy zatrudniaj\u0105cy Ci\u0119 przez agencj\u0119 pracy tymczasowej pracodawca zako\u0144czy zlecenie lub gdy pracownik tymczasowy zachoruje, tzw. uitzendbeding (nid.). Oznacza to, \u017ce pracujesz wtedy na podstawie umowy o oddelegowanie na czas okre\u015blony albo nieokre\u015blony. D\u0142ugo\u015b\u0107 trwania umowy o oddelegowanie zostaje okre\u015blona przez agencj\u0119 pracy, przy czym ca\u0142kowity czas jej trwania w fazie B nie mo\u017ce przekroczy\u0107 dw\u00f3ch lat.<\/p>\n<p><strong>1.3 Faza C<\/strong><\/p>\n<p>Faza C rozpoczyna si\u0119 w momencie, kiedy bezpo\u015brednio po uko\u0144czeniu fazy B kontynuujesz wykonywanie pracy w tej samej agencji pracy tymczasowej lub gdy w ci\u0105gu trzynastu tygodni licz\u0105c od uko\u0144czenia fazy B zostajesz ponownie wys\u0142any do pracy przez t\u0119 sam\u0105 agencj\u0119 dla kt\u00f3rej do tej pory pracowa\u0142e\u015b. D\u0142ugo\u015b\u0107 umowy o oddelegowanie w fazie C zawierana jest na czas nieokre\u015blony.<\/p>\n<p>Je\u015bli przez mniej ni\u017c 26 tygodni od zako\u0144czenia Twojej umowy o oddelegowanie zawartej w fazie C nie podj\u0105\u0142e\u015b pracy poprzez Twoj\u0105 agencj\u0119, to wracasz do pocz\u0105tku fazy B. Je\u017celi natomiast nie pracowa\u0142e\u015b dla Twojej agencji przez 26 tygodni lub d\u0142u\u017cej, to automatycznie cofasz si\u0119 do pocz\u0105tku fazy A. <\/p>\n<p>Wi\u0119cej informacji na temat systemu fazowego znajdziesz na stronie internetowej ABU. <\/p>\n<\/div>\n<\/div><\/div><\/div><\/div><\/div>","protected":false},"excerpt":{"rendered":"<p>Faza A Faza B Faza C 78 przepracowanych tygodni 2 lata lub 8 kontrakt\u00f3w Praca na czas nieokre\u015blony 1.1 Faza A Faza A trwa tak d\u0142ugo, a\u017c pracownik wypracuje 78 tygodni dla agencji pracy tymczasowej, przez kt\u00f3r\u0105 jest zatrudniony. Od regu\u0142y tej istnieje wyj\u0105tek. Mianowicie, je\u017celi osi\u0105gn\u0105\u0142e\u015b prawnie obowi\u0105zuj\u0105cy wiek emerytalny, b\u0119dziesz znajdowa\u0142 si\u0119 w [&hellip;]<\/p>\n","protected":false},"author":1538,"featured_media":0,"parent":0,"menu_order":0,"comment_status":"closed","ping_status":"closed","template":"","meta":{"footnotes":""},"class_list":["post-1693","page","type-page","status-publish","hentry","post"],"yoast_head":"<!-- This site is optimized with the Yoast SEO plugin v27.0 - https:\/\/yoast.com\/product\/yoast-seo-wordpress\/ -->\n<title>System Fazowy | ForeignFlex<\/title>\n<meta name=\"description\" content=\"W sprawach um\u00f3w ForeignFlex pracuje na podstawie systemu fazowego ABU.\" \/>\n<meta name=\"robots\" content=\"index, follow, max-snippet:-1, max-image-preview:large, max-video-preview:-1\" \/>\n<link rel=\"canonical\" href=\"https:\/\/foreignflex.com\/pl\/system-fazowy\/\" \/>\n<meta name=\"twitter:label1\" content=\"Szacowany czas czytania\" \/>\n\t<meta name=\"twitter:data1\" content=\"2 minuty\" \/>\n<script type=\"application\/ld+json\" class=\"yoast-schema-graph\">{\"@context\":\"https:\/\/schema.org\",\"@graph\":[{\"@type\":\"WebPage\",\"@id\":\"https:\/\/foreignflex.com\/pl\/system-fazowy\/\",\"url\":\"https:\/\/foreignflex.com\/pl\/system-fazowy\/\",\"name\":\"System Fazowy | ForeignFlex\",\"isPartOf\":{\"@id\":\"https:\/\/foreignflex.com\/pl\/#website\"},\"datePublished\":\"2017-04-06T11:58:28+00:00\",\"dateModified\":\"2017-04-07T08:19:38+00:00\",\"description\":\"W sprawach um\u00f3w ForeignFlex pracuje na podstawie systemu fazowego ABU.\",\"breadcrumb\":{\"@id\":\"https:\/\/foreignflex.com\/pl\/system-fazowy\/#breadcrumb\"},\"inLanguage\":\"pl-PL\",\"potentialAction\":[{\"@type\":\"ReadAction\",\"target\":[\"https:\/\/foreignflex.com\/pl\/system-fazowy\/\"]}]},{\"@type\":\"BreadcrumbList\",\"@id\":\"https:\/\/foreignflex.com\/pl\/system-fazowy\/#breadcrumb\",\"itemListElement\":[{\"@type\":\"ListItem\",\"position\":1,\"name\":\"Home\",\"item\":\"https:\/\/foreignflex.com\/pl\/\"},{\"@type\":\"ListItem\",\"position\":2,\"name\":\"System fazowy\"}]},{\"@type\":\"WebSite\",\"@id\":\"https:\/\/foreignflex.com\/pl\/#website\",\"url\":\"https:\/\/foreignflex.com\/pl\/\",\"name\":\"\",\"description\":\"\",\"potentialAction\":[{\"@type\":\"SearchAction\",\"target\":{\"@type\":\"EntryPoint\",\"urlTemplate\":\"https:\/\/foreignflex.com\/pl\/?s={search_term_string}\"},\"query-input\":{\"@type\":\"PropertyValueSpecification\",\"valueRequired\":true,\"valueName\":\"search_term_string\"}}],\"inLanguage\":\"pl-PL\"}]}<\/script>\n<!-- \/ Yoast SEO plugin. -->","yoast_head_json":{"title":"System Fazowy | ForeignFlex","description":"W sprawach um\u00f3w ForeignFlex pracuje na podstawie systemu fazowego ABU.","robots":{"index":"index","follow":"follow","max-snippet":"max-snippet:-1","max-image-preview":"max-image-preview:large","max-video-preview":"max-video-preview:-1"},"canonical":"https:\/\/foreignflex.com\/pl\/system-fazowy\/","twitter_misc":{"Szacowany czas czytania":"2 minuty"},"schema":{"@context":"https:\/\/schema.org","@graph":[{"@type":"WebPage","@id":"https:\/\/foreignflex.com\/pl\/system-fazowy\/","url":"https:\/\/foreignflex.com\/pl\/system-fazowy\/","name":"System Fazowy | ForeignFlex","isPartOf":{"@id":"https:\/\/foreignflex.com\/pl\/#website"},"datePublished":"2017-04-06T11:58:28+00:00","dateModified":"2017-04-07T08:19:38+00:00","description":"W sprawach um\u00f3w ForeignFlex pracuje na podstawie systemu fazowego ABU.","breadcrumb":{"@id":"https:\/\/foreignflex.com\/pl\/system-fazowy\/#breadcrumb"},"inLanguage":"pl-PL","potentialAction":[{"@type":"ReadAction","target":["https:\/\/foreignflex.com\/pl\/system-fazowy\/"]}]},{"@type":"BreadcrumbList","@id":"https:\/\/foreignflex.com\/pl\/system-fazowy\/#breadcrumb","itemListElement":[{"@type":"ListItem","position":1,"name":"Home","item":"https:\/\/foreignflex.com\/pl\/"},{"@type":"ListItem","position":2,"name":"System fazowy"}]},{"@type":"WebSite","@id":"https:\/\/foreignflex.com\/pl\/#website","url":"https:\/\/foreignflex.com\/pl\/","name":"","description":"","potentialAction":[{"@type":"SearchAction","target":{"@type":"EntryPoint","urlTemplate":"https:\/\/foreignflex.com\/pl\/?s={search_term_string}"},"query-input":{"@type":"PropertyValueSpecification","valueRequired":true,"valueName":"search_term_string"}}],"inLanguage":"pl-PL"}]}},"_links":{"self":[{"href":"https:\/\/foreignflex.com\/pl\/wp-json\/wp\/v2\/pages\/1693","targetHints":{"allow":["GET"]}}],"collection":[{"href":"https:\/\/foreignflex.com\/pl\/wp-json\/wp\/v2\/pages"}],"about":[{"href":"https:\/\/foreignflex.com\/pl\/wp-json\/wp\/v2\/types\/page"}],"author":[{"embeddable":true,"href":"https:\/\/foreignflex.com\/pl\/wp-json\/wp\/v2\/users\/1538"}],"replies":[{"embeddable":true,"href":"https:\/\/foreignflex.com\/pl\/wp-json\/wp\/v2\/comments?post=1693"}],"version-history":[{"count":0,"href":"https:\/\/foreignflex.com\/pl\/wp-json\/wp\/v2\/pages\/1693\/revisions"}],"wp:attachment":[{"href":"https:\/\/foreignflex.com\/pl\/wp-json\/wp\/v2\/media?parent=1693"}],"curies":[{"name":"wp","href":"https:\/\/api.w.org\/{rel}","templated":true}]}}